{"id":3508,"date":"2024-12-10T16:57:04","date_gmt":"2024-12-10T16:57:04","guid":{"rendered":"https:\/\/www.houseyounite.com\/en\/?page_id=3508"},"modified":"2025-04-18T22:39:20","modified_gmt":"2025-04-18T22:39:20","slug":"contact","status":"publish","type":"page","link":"https:\/\/www.houseyounite.com\/en\/contact\/","title":{"rendered":"Contact"},"content":{"rendered":"\t\t<div data-elementor-type=\"wp-page\" data-elementor-id=\"3508\" class=\"elementor elementor-3508\" data-elementor-settings=\"{&quot;element_pack_global_tooltip_width&quot;:{&quot;unit&quot;:&quot;px&quot;,&quot;size&quot;:&quot;&quot;,&quot;sizes&quot;:[]},&quot;element_pack_global_tooltip_width_tablet&quot;:{&quot;unit&quot;:&quot;px&quot;,&quot;size&quot;:&quot;&quot;,&quot;sizes&quot;:[]},&quot;element_pack_global_tooltip_width_mobile&quot;:{&quot;unit&quot;:&quot;px&quot;,&quot;size&quot;:&quot;&quot;,&quot;sizes&quot;:[]},&quot;element_pack_global_tooltip_padding&quot;:{&quot;unit&quot;:&quot;px&quot;,&quot;top&quot;:&quot;&quot;,&quot;right&quot;:&quot;&quot;,&quot;bottom&quot;:&quot;&quot;,&quot;left&quot;:&quot;&quot;,&quot;isLinked&quot;:true},&quot;element_pack_global_tooltip_padding_tablet&quot;:{&quot;unit&quot;:&quot;px&quot;,&quot;top&quot;:&quot;&quot;,&quot;right&quot;:&quot;&quot;,&quot;bottom&quot;:&quot;&quot;,&quot;left&quot;:&quot;&quot;,&quot;isLinked&quot;:true},&quot;element_pack_global_tooltip_padding_mobile&quot;:{&quot;unit&quot;:&quot;px&quot;,&quot;top&quot;:&quot;&quot;,&quot;right&quot;:&quot;&quot;,&quot;bottom&quot;:&quot;&quot;,&quot;left&quot;:&quot;&quot;,&quot;isLinked&quot;:true},&quot;element_pack_global_tooltip_border_radius&quot;:{&quot;unit&quot;:&quot;px&quot;,&quot;top&quot;:&quot;&quot;,&quot;right&quot;:&quot;&quot;,&quot;bottom&quot;:&quot;&quot;,&quot;left&quot;:&quot;&quot;,&quot;isLinked&quot;:true},&quot;element_pack_global_tooltip_border_radius_tablet&quot;:{&quot;unit&quot;:&quot;px&quot;,&quot;top&quot;:&quot;&quot;,&quot;right&quot;:&quot;&quot;,&quot;bottom&quot;:&quot;&quot;,&quot;left&quot;:&quot;&quot;,&quot;isLinked&quot;:true},&quot;element_pack_global_tooltip_border_radius_mobile&quot;:{&quot;unit&quot;:&quot;px&quot;,&quot;top&quot;:&quot;&quot;,&quot;right&quot;:&quot;&quot;,&quot;bottom&quot;:&quot;&quot;,&quot;left&quot;:&quot;&quot;,&quot;isLinked&quot;:true}}\" data-elementor-post-type=\"page\">\n\t\t\t\t<div class=\"elementor-element elementor-element-948cd36 e-flex e-con-boxed e-con e-parent\" data-id=\"948cd36\" data-element_type=\"container\" data-e-type=\"container\">\n\t\t\t\t\t<div class=\"e-con-inner\">\n\t\t<div class=\"elementor-element elementor-element-2073f23 e-con-full e-flex e-con e-child\" data-id=\"2073f23\" data-element_type=\"container\" data-e-type=\"container\">\n\t\t\t\t<div class=\"elementor-element elementor-element-3a2df51 elementor-widget elementor-widget-heading\" data-id=\"3a2df51\" data-element_type=\"widget\" data-e-type=\"widget\" data-widget_type=\"heading.default\">\n\t\t\t\t<div class=\"elementor-widget-container\">\n\t\t\t\t\t<h2 class=\"elementor-heading-title elementor-size-default\">Reach Out\n\n<\/h2>\t\t\t\t<\/div>\n\t\t\t\t<\/div>\n\t\t\t\t<\/div>\n\t\t<div class=\"elementor-element elementor-element-46835ac e-con-full e-flex e-con e-child\" data-id=\"46835ac\" data-element_type=\"container\" data-e-type=\"container\">\n\t\t\t\t<div class=\"elementor-element elementor-element-5dc1b82 elementor-widget elementor-widget-text-editor\" data-id=\"5dc1b82\" data-element_type=\"widget\" data-e-type=\"widget\" data-widget_type=\"text-editor.default\">\n\t\t\t\t<div class=\"elementor-widget-container\">\n\t\t\t\t\t\t\t\t\t<p><b><strong>Turkey: Istanbul Office HQ<\/strong><br \/><\/b>Gayrettepe Mah. Prof. Dr. B\u00fclent Tarcan Cad. No:25 D:2, 34349 Be\u015fikta\u015f \/ \u0130stanbul<br \/>info@houseyounite.com<br \/>+90 (212) 323 08 38<\/p><p><b>The Netherlands: Amsterdam Office<\/b><\/p><p>Van Houweningen 21, Amsterdam \/ Netherlands<br \/>info@houseyounite.com<br \/>+31 619 41 18 84<\/p><p><b>USA: San Francisco Office<\/b><\/p><p><span style=\"font-weight: 400;\">301 North Ave Unit 206 San Rafael CA 94903 \/ San Francisco<br \/>info@houseyounite.com<br \/>+1 650 438 0078<\/span><\/p><div id=\"42DD5F88_7C2E_4011_FCCE_8BFF3C6B760C\">\u00a0<\/div><div id=\"42DD5F88_7C2E_4011_FCCE_8BFF3C6B760C\">\u00a0<\/div><div id=\"42DD5F88_7C2E_4011_FCCE_8BFF3C6B760C\">\u00a0<\/div><div id=\"42DD5F88_7C2E_4011_FCCE_8BFF3C6B760C\">\u00a0<\/div><div id=\"42DD5F88_7C2E_4011_FCCE_8BFF3C6B760C\">\u00a0<\/div><div id=\"42DD5F88_7C2E_4011_FCCE_8BFF3C6B760C\">\u00a0<\/div>\t\t\t\t\t\t\t\t<\/div>\n\t\t\t\t<\/div>\n\t\t\t\t<\/div>\n\t\t\t\t\t<\/div>\n\t\t\t\t<\/div>\n\t\t\t\t<\/div>\n\t\t","protected":false},"excerpt":{"rendered":"<p>Reach Out Turkey: Istanbul Office HQGayrettepe Mah. Prof. Dr. B\u00fclent Tarcan Cad. No:25 D:2, 34349 Be\u015fikta\u015f \/ \u0130stanbulinfo@houseyounite.com+90 (212) 323 08 38 The Netherlands: Amsterdam Office Van Houweningen 21, Amsterdam \/ Netherlandsinfo@houseyounite.com+31 619 41 18 84 USA: San Francisco Office&#8230;<\/p>\n","protected":false},"author":1,"featured_media":0,"parent":0,"menu_order":0,"comment_status":"closed","ping_status":"closed","template":"template-visual-composer-header.php","meta":{"footnotes":""},"class_list":["post-3508","page","type-page","status-publish","hentry"],"_links":{"self":[{"href":"https:\/\/www.houseyounite.com\/en\/wp-json\/wp\/v2\/pages\/3508","targetHints":{"allow":["GET"]}}],"collection":[{"href":"https:\/\/www.houseyounite.com\/en\/wp-json\/wp\/v2\/pages"}],"about":[{"href":"https:\/\/www.houseyounite.com\/en\/wp-json\/wp\/v2\/types\/page"}],"author":[{"embeddable":true,"href":"https:\/\/www.houseyounite.com\/en\/wp-json\/wp\/v2\/users\/1"}],"replies":[{"embeddable":true,"href":"https:\/\/www.houseyounite.com\/en\/wp-json\/wp\/v2\/comments?post=3508"}],"version-history":[{"count":44,"href":"https:\/\/www.houseyounite.com\/en\/wp-json\/wp\/v2\/pages\/3508\/revisions"}],"predecessor-version":[{"id":6739,"href":"https:\/\/www.houseyounite.com\/en\/wp-json\/wp\/v2\/pages\/3508\/revisions\/6739"}],"wp:attachment":[{"href":"https:\/\/www.houseyounite.com\/en\/wp-json\/wp\/v2\/media?parent=3508"}],"curies":[{"name":"wp","href":"https:\/\/api.w.org\/{rel}","templated":true}]}}